{"id":804,"date":"2022-02-11T10:20:43","date_gmt":"2022-02-11T10:20:43","guid":{"rendered":"https:\/\/paakkila.iwn.co\/company\/"},"modified":"2024-06-05T15:22:02","modified_gmt":"2024-06-05T12:22:02","slug":"company","status":"publish","type":"page","link":"https:\/\/paakkilankonepaja.fi\/en\/company\/","title":{"rendered":"Company"},"content":{"rendered":"\n<div class=\"wp-block-group\"><div class=\"wp-block-group__inner-container is-layout-flow wp-block-group-is-layout-flow\">\n<section id=\"gme64b599\" class=\"wp-block-gutentor-m4 section-gme64b599 gutentor-module gutentor-advanced-columns\"><div class=\"grid-container\"><div class=\"grid-row\">\n<div id=\"col-gma65c8d\" class=\"wp-block-gutentor-m4-col col-gma65c8d gutentor-single-column  grid-lg-6 grid-md-12 grid-12\"><div id=\"section-gma65c8d\" class=\"section-gma65c8d gutentor-col-wrap\">\n<h3 class=\"wp-block-heading\" id=\"arvojamme-ovat\"><strong>Our values are:<\/strong><\/h3>\n\n\n\n<p><strong>Knowledge.<\/strong><br \/><strong>Responsibility.<\/strong><br \/><strong>Development.<\/strong><\/p>\n\n\n\n<p><strong>Pid\u00e4mme kiinni kest\u00e4v\u00e4n kehityksen periaatteesta<\/strong><\/p>\n\n\n\n<p>Operations at Paakkilan Konepaja Oy, a family business founded in 1978, are based on long-term customer relationships, several of which have progressed to the partnership level. The company\u2019s strength lies in a fast and on-schedule production process undertaken at the company\u2019s own premises. from the initial processing of materials to component assembly and testing.<\/p>\n\n\n\n<p>Reilut nelj\u00e4 vuosikymment\u00e4 olemme pit\u00e4neet kiinni viimeisimp\u00e4\u00e4n teknologiaan investoimisesta sek\u00e4 tuotantomenetelmien kehitt\u00e4misest\u00e4. Otimme jo 1988 k\u00e4ytt\u00f6\u00f6n ensimm\u00e4isten alihankintayritysten joukossa hitsausrobottiasemat. Investoinnit plasma- ja kaasuleikkaukseen, CNC-s\u00e4rm\u00e4ykseen, hitsausrobottiasemiin, vaakakaraisiin CNC-koneistuskeskuksiin sek\u00e4 pintak\u00e4sittelylinjastoon ovat mahdollistaneet valmistuksen nopealla aikataululla alusta loppuun saman katon alla. Zeiss MMZG 20\/30\/20 3D-mittakoneella varmistamme samalla vaadittujen toleranssien todentamisen. <\/p>\n\n\n\n<p>Toimimme kustannustehokkaasti omissa reilun 5000 neli\u00f6n tuotantotiloissa hyvien p\u00e4ivitt\u00e4isten liikenneyhteyksien varrella Kuopion ja Joensuun puolessa v\u00e4liss\u00e4, l\u00e4hell\u00e4 Outokummun teollisuuskeskittym\u00e4\u00e4.<\/p>\n\n\n\n<p>We have won a number of awards, such as the Provincial Business Award (1986), Sub-contractor of the Year (Finnish Logistics Association, 1997), and Best of the Province 2007 (Finnish Customer Statistics 2007). The Kuopio Craft and Factory Association awarded the founders of Paakkila Konepaja Kalervo and Taija Huhtinen the honorary bourgeois 2015.<\/p>\n<\/div><\/div>\n\n\n\n<div id=\"col-gm2ac7b3\" class=\"wp-block-gutentor-m4-col col-gm2ac7b3 gutentor-single-column  grid-lg-6 grid-md-12 grid-12\"><div id=\"section-gm2ac7b3\" class=\"section-gm2ac7b3 gutentor-col-wrap\">\n<div id=\"section-g705160\" class=\"wp-block-gutentor-e6 section-g705160 gutentor-element gutentor-element-image text-align-center-desktop\"><div class=\"gutentor-element-image-box\"><div class=\"gutentor-image-thumb\"><img decoding=\"async\" class=\"normal-image\" src=\"https:\/\/paakkilankonepaja.fi\/wp-content\/uploads\/2021\/12\/12.jpg\" \/><\/div><\/div><\/div>\n<\/div><\/div>\n<\/div><\/div><\/section>\n<\/div><\/div>\n","protected":false},"excerpt":{"rendered":"","protected":false},"author":1,"featured_media":669,"parent":0,"menu_order":0,"comment_status":"closed","ping_status":"closed","template":"template-gutentor-full-width.php","meta":{"footnotes":""},"class_list":["post-804","page","type-page","status-publish","has-post-thumbnail"],"yoast_head":"<!-- This site is optimized with the Yoast SEO plugin v27.5 - https:\/\/yoast.com\/product\/yoast-seo-wordpress\/ -->\n<title>Company - Paakkilan Konepaja Oy<\/title>\n<meta name=\"robots\" content=\"index, follow, max-snippet:-1, max-image-preview:large, max-video-preview:-1\" \/>\n<link rel=\"canonical\" href=\"https:\/\/paakkilankonepaja.fi\/en\/company\/\" \/>\n<meta property=\"og:locale\" content=\"en_US\" \/>\n<meta property=\"og:type\" content=\"article\" \/>\n<meta property=\"og:title\" content=\"Company - Paakkilan Konepaja Oy\" \/>\n<meta property=\"og:url\" content=\"https:\/\/paakkilankonepaja.fi\/en\/company\/\" \/>\n<meta property=\"og:site_name\" content=\"Paakkilan Konepaja Oy\" \/>\n<meta property=\"article:publisher\" content=\"https:\/\/fi-fi.facebook.com\/paakkilankonepaja\/\" \/>\n<meta property=\"article:modified_time\" content=\"2024-06-05T12:22:02+00:00\" \/>\n<meta property=\"og:image\" content=\"https:\/\/paakkilankonepaja.fi\/wp-content\/uploads\/2022\/01\/paakuva.png\" \/>\n\t<meta property=\"og:image:width\" content=\"1020\" \/>\n\t<meta property=\"og:image:height\" content=\"314\" \/>\n\t<meta property=\"og:image:type\" content=\"image\/png\" \/>\n<meta name=\"twitter:card\" content=\"summary_large_image\" \/>\n<meta name=\"twitter:label1\" content=\"Est. reading time\" \/>\n\t<meta name=\"twitter:data1\" content=\"2 minutes\" \/>\n<script type=\"application\/ld+json\" class=\"yoast-schema-graph\">{\"@context\":\"https:\\\/\\\/schema.org\",\"@graph\":[{\"@type\":\"WebPage\",\"@id\":\"https:\\\/\\\/paakkilankonepaja.fi\\\/en\\\/company\\\/\",\"url\":\"https:\\\/\\\/paakkilankonepaja.fi\\\/en\\\/company\\\/\",\"name\":\"Company - Paakkilan Konepaja Oy\",\"isPartOf\":{\"@id\":\"https:\\\/\\\/paakkilankonepaja.fi\\\/en\\\/#website\"},\"primaryImageOfPage\":{\"@id\":\"https:\\\/\\\/paakkilankonepaja.fi\\\/en\\\/company\\\/#primaryimage\"},\"image\":{\"@id\":\"https:\\\/\\\/paakkilankonepaja.fi\\\/en\\\/company\\\/#primaryimage\"},\"thumbnailUrl\":\"https:\\\/\\\/paakkilankonepaja.fi\\\/wp-content\\\/uploads\\\/2022\\\/01\\\/paakuva.png\",\"datePublished\":\"2022-02-11T10:20:43+00:00\",\"dateModified\":\"2024-06-05T12:22:02+00:00\",\"breadcrumb\":{\"@id\":\"https:\\\/\\\/paakkilankonepaja.fi\\\/en\\\/company\\\/#breadcrumb\"},\"inLanguage\":\"en-US\",\"potentialAction\":[{\"@type\":\"ReadAction\",\"target\":[\"https:\\\/\\\/paakkilankonepaja.fi\\\/en\\\/company\\\/\"]}]},{\"@type\":\"ImageObject\",\"inLanguage\":\"en-US\",\"@id\":\"https:\\\/\\\/paakkilankonepaja.fi\\\/en\\\/company\\\/#primaryimage\",\"url\":\"https:\\\/\\\/paakkilankonepaja.fi\\\/wp-content\\\/uploads\\\/2022\\\/01\\\/paakuva.png\",\"contentUrl\":\"https:\\\/\\\/paakkilankonepaja.fi\\\/wp-content\\\/uploads\\\/2022\\\/01\\\/paakuva.png\",\"width\":1020,\"height\":314,\"caption\":\"Paakkilan Konepaja tarjoaa tarkkaa polttoleikkausta osana monipuolista palveluvalikoimaansa\"},{\"@type\":\"BreadcrumbList\",\"@id\":\"https:\\\/\\\/paakkilankonepaja.fi\\\/en\\\/company\\\/#breadcrumb\",\"itemListElement\":[{\"@type\":\"ListItem\",\"position\":1,\"name\":\"Etusivu\",\"item\":\"https:\\\/\\\/paakkilankonepaja.fi\\\/en\\\/\"},{\"@type\":\"ListItem\",\"position\":2,\"name\":\"Company\"}]},{\"@type\":\"WebSite\",\"@id\":\"https:\\\/\\\/paakkilankonepaja.fi\\\/en\\\/#website\",\"url\":\"https:\\\/\\\/paakkilankonepaja.fi\\\/en\\\/\",\"name\":\"Paakkilan Konepaja Oy\",\"description\":\"Paakkilan Konepaja Oy on erikoistunut vaativaan hitsausta ja koneistusta sis\u00e4lt\u00e4vien keskiraskaiden osakokonaisuuksien valmistamiseen.\",\"publisher\":{\"@id\":\"https:\\\/\\\/paakkilankonepaja.fi\\\/en\\\/#organization\"},\"potentialAction\":[{\"@type\":\"SearchAction\",\"target\":{\"@type\":\"EntryPoint\",\"urlTemplate\":\"https:\\\/\\\/paakkilankonepaja.fi\\\/en\\\/?s={search_term_string}\"},\"query-input\":{\"@type\":\"PropertyValueSpecification\",\"valueRequired\":true,\"valueName\":\"search_term_string\"}}],\"inLanguage\":\"en-US\"},{\"@type\":\"Organization\",\"@id\":\"https:\\\/\\\/paakkilankonepaja.fi\\\/en\\\/#organization\",\"name\":\"Paakkilan Konepaja Oy\",\"url\":\"https:\\\/\\\/paakkilankonepaja.fi\\\/en\\\/\",\"logo\":{\"@type\":\"ImageObject\",\"inLanguage\":\"en-US\",\"@id\":\"https:\\\/\\\/paakkilankonepaja.fi\\\/en\\\/#\\\/schema\\\/logo\\\/image\\\/\",\"url\":\"https:\\\/\\\/paakkilankonepaja.fi\\\/wp-content\\\/uploads\\\/2021\\\/12\\\/Paakkila_logo.png\",\"contentUrl\":\"https:\\\/\\\/paakkilankonepaja.fi\\\/wp-content\\\/uploads\\\/2021\\\/12\\\/Paakkila_logo.png\",\"width\":653,\"height\":139,\"caption\":\"Paakkilan Konepaja Oy\"},\"image\":{\"@id\":\"https:\\\/\\\/paakkilankonepaja.fi\\\/en\\\/#\\\/schema\\\/logo\\\/image\\\/\"},\"sameAs\":[\"https:\\\/\\\/fi-fi.facebook.com\\\/paakkilankonepaja\\\/\",\"https:\\\/\\\/www.linkedin.com\\\/company\\\/paakkilan-konepaja-oy\\\/posts\\\/?feedView=all\"]}]}<\/script>\n<!-- \/ Yoast SEO plugin. -->","yoast_head_json":{"title":"Company - Paakkilan Konepaja Oy","robots":{"index":"index","follow":"follow","max-snippet":"max-snippet:-1","max-image-preview":"max-image-preview:large","max-video-preview":"max-video-preview:-1"},"canonical":"https:\/\/paakkilankonepaja.fi\/en\/company\/","og_locale":"en_US","og_type":"article","og_title":"Company - Paakkilan Konepaja Oy","og_url":"https:\/\/paakkilankonepaja.fi\/en\/company\/","og_site_name":"Paakkilan Konepaja Oy","article_publisher":"https:\/\/fi-fi.facebook.com\/paakkilankonepaja\/","article_modified_time":"2024-06-05T12:22:02+00:00","og_image":[{"width":1020,"height":314,"url":"https:\/\/paakkilankonepaja.fi\/wp-content\/uploads\/2022\/01\/paakuva.png","type":"image\/png"}],"twitter_card":"summary_large_image","twitter_misc":{"Est. reading time":"2 minutes"},"schema":{"@context":"https:\/\/schema.org","@graph":[{"@type":"WebPage","@id":"https:\/\/paakkilankonepaja.fi\/en\/company\/","url":"https:\/\/paakkilankonepaja.fi\/en\/company\/","name":"Company - Paakkilan Konepaja Oy","isPartOf":{"@id":"https:\/\/paakkilankonepaja.fi\/en\/#website"},"primaryImageOfPage":{"@id":"https:\/\/paakkilankonepaja.fi\/en\/company\/#primaryimage"},"image":{"@id":"https:\/\/paakkilankonepaja.fi\/en\/company\/#primaryimage"},"thumbnailUrl":"https:\/\/paakkilankonepaja.fi\/wp-content\/uploads\/2022\/01\/paakuva.png","datePublished":"2022-02-11T10:20:43+00:00","dateModified":"2024-06-05T12:22:02+00:00","breadcrumb":{"@id":"https:\/\/paakkilankonepaja.fi\/en\/company\/#breadcrumb"},"inLanguage":"en-US","potentialAction":[{"@type":"ReadAction","target":["https:\/\/paakkilankonepaja.fi\/en\/company\/"]}]},{"@type":"ImageObject","inLanguage":"en-US","@id":"https:\/\/paakkilankonepaja.fi\/en\/company\/#primaryimage","url":"https:\/\/paakkilankonepaja.fi\/wp-content\/uploads\/2022\/01\/paakuva.png","contentUrl":"https:\/\/paakkilankonepaja.fi\/wp-content\/uploads\/2022\/01\/paakuva.png","width":1020,"height":314,"caption":"Paakkilan Konepaja tarjoaa tarkkaa polttoleikkausta osana monipuolista palveluvalikoimaansa"},{"@type":"BreadcrumbList","@id":"https:\/\/paakkilankonepaja.fi\/en\/company\/#breadcrumb","itemListElement":[{"@type":"ListItem","position":1,"name":"Etusivu","item":"https:\/\/paakkilankonepaja.fi\/en\/"},{"@type":"ListItem","position":2,"name":"Company"}]},{"@type":"WebSite","@id":"https:\/\/paakkilankonepaja.fi\/en\/#website","url":"https:\/\/paakkilankonepaja.fi\/en\/","name":"Paakkilan Konepaja Oy","description":"Paakkilan Konepaja Oy on erikoistunut vaativaan hitsausta ja koneistusta sis\u00e4lt\u00e4vien keskiraskaiden osakokonaisuuksien valmistamiseen.","publisher":{"@id":"https:\/\/paakkilankonepaja.fi\/en\/#organization"},"potentialAction":[{"@type":"SearchAction","target":{"@type":"EntryPoint","urlTemplate":"https:\/\/paakkilankonepaja.fi\/en\/?s={search_term_string}"},"query-input":{"@type":"PropertyValueSpecification","valueRequired":true,"valueName":"search_term_string"}}],"inLanguage":"en-US"},{"@type":"Organization","@id":"https:\/\/paakkilankonepaja.fi\/en\/#organization","name":"Paakkilan Konepaja Oy","url":"https:\/\/paakkilankonepaja.fi\/en\/","logo":{"@type":"ImageObject","inLanguage":"en-US","@id":"https:\/\/paakkilankonepaja.fi\/en\/#\/schema\/logo\/image\/","url":"https:\/\/paakkilankonepaja.fi\/wp-content\/uploads\/2021\/12\/Paakkila_logo.png","contentUrl":"https:\/\/paakkilankonepaja.fi\/wp-content\/uploads\/2021\/12\/Paakkila_logo.png","width":653,"height":139,"caption":"Paakkilan Konepaja Oy"},"image":{"@id":"https:\/\/paakkilankonepaja.fi\/en\/#\/schema\/logo\/image\/"},"sameAs":["https:\/\/fi-fi.facebook.com\/paakkilankonepaja\/","https:\/\/www.linkedin.com\/company\/paakkilan-konepaja-oy\/posts\/?feedView=all"]}]}},"_links":{"self":[{"href":"https:\/\/paakkilankonepaja.fi\/en\/wp-json\/wp\/v2\/pages\/804","targetHints":{"allow":["GET"]}}],"collection":[{"href":"https:\/\/paakkilankonepaja.fi\/en\/wp-json\/wp\/v2\/pages"}],"about":[{"href":"https:\/\/paakkilankonepaja.fi\/en\/wp-json\/wp\/v2\/types\/page"}],"author":[{"embeddable":true,"href":"https:\/\/paakkilankonepaja.fi\/en\/wp-json\/wp\/v2\/users\/1"}],"replies":[{"embeddable":true,"href":"https:\/\/paakkilankonepaja.fi\/en\/wp-json\/wp\/v2\/comments?post=804"}],"version-history":[{"count":9,"href":"https:\/\/paakkilankonepaja.fi\/en\/wp-json\/wp\/v2\/pages\/804\/revisions"}],"predecessor-version":[{"id":1105,"href":"https:\/\/paakkilankonepaja.fi\/en\/wp-json\/wp\/v2\/pages\/804\/revisions\/1105"}],"wp:featuredmedia":[{"embeddable":true,"href":"https:\/\/paakkilankonepaja.fi\/en\/wp-json\/wp\/v2\/media\/669"}],"wp:attachment":[{"href":"https:\/\/paakkilankonepaja.fi\/en\/wp-json\/wp\/v2\/media?parent=804"}],"curies":[{"name":"wp","href":"https:\/\/api.w.org\/{rel}","templated":true}]}}